{"id":40324,"date":"2024-12-06T17:27:47","date_gmt":"2024-12-06T17:27:47","guid":{"rendered":"https:\/\/de-luxeshoponline.com\/prodotto\/louis-vuitton-delft-mirage-exotic\/"},"modified":"2024-12-06T17:29:16","modified_gmt":"2024-12-06T17:29:16","slug":"louis-vuitton-delft-mirage-exotic","status":"publish","type":"product","link":"https:\/\/test.de-luxeshoponline.com\/de\/produkt\/louis-vuitton-delft-mirage-exotic\/","title":{"rendered":"LOUIS VUITTON Delft Mirage Exotisch"},"content":{"rendered":"<p>Louis Vuitton Delft Navy Monogramm Mirage Exotic<br \/>\nDiese besondere und extrem seltene Limite Edition besteht aus Monogramm-Stoff mit einem blauen Farbton am Taschenboden, Griffen und Profilen aus blauem Krokodil-, Schlangen- und Strau\u00dfenleder.<br \/>\nDer Innenraum ist komplett mit blauem Leder ausgestattet.<br \/>\nDer urspr\u00fcngliche Preis lag bei knapp 9000 Euro<br \/>\nMa\u00dfe: 30x25x9cm<br \/>\nModellgr\u00f6\u00dfe 175 cm<br \/>\nDer Zustand ist ausgezeichnet, nur sehr leichte Gebrauchsspuren am Verschluss. Innen sehr leichte Nagelspuren auf dem Leder.<br \/>\nIm Lieferumfang enthalten: Staubbeutel, Vorh\u00e4ngeschloss, Schl\u00fcssel und Produktetiketten<\/p>\n<p>Die in diesem Produktblatt enthaltenen detaillierten Fotos des Artikels wurden nicht ver\u00e4ndert und stellen aus diesem Grund den tats\u00e4chlichen Zustand des Objekts dar<\/p>","protected":false},"excerpt":{"rendered":"<p>Louis Vuitton Delft Navy Monogram Mirage Exotic. Diese einzigartige und extrem seltene Tasche in limitierter Auflage besticht durch ein Monogram-Gewebe mit blauem Farbton am Boden sowie Griffe und Bes\u00e4tze aus blauem Krokodil-, Schlangen- und Strau\u00dfenleder. Das Innenfutter ist komplett aus blauem Leder. Der Originalpreis lag bei knapp 9.000 \u20ac. Ma\u00dfe: 30 x 25 x 9 cm. Modellgr\u00f6\u00dfe [\u2026]<\/p>","protected":false},"featured_media":40336,"comment_status":"open","ping_status":"closed","template":"","meta":{"site-sidebar-layout":"default","site-content-layout":"","ast-site-content-layout":"default","site-content-style":"default","site-sidebar-style":"default","ast-global-header-display":"","ast-banner-title-visibility":"","ast-main-header-display":"","ast-hfb-above-header-display":"","ast-hfb-below-header-display":"","ast-hfb-mobile-header-display":"","site-post-title":"","ast-breadcrumbs-content":"","ast-featured-img":"","footer-sml-layout":"","ast-disable-related-posts":"","theme-transparent-header-meta":"","adv-header-id-meta":"","stick-header-meta":"","header-above-stick-meta":"","header-main-stick-meta":"","header-below-stick-meta":"","astra-migrate-meta-layouts":"default","ast-page-background-enabled":"default","ast-page-background-meta":{"desktop":{"background-color":"var(--ast-global-color-4)","background-image":"","background-repeat":"repeat","background-position":"center center","background-size":"auto","background-attachment":"scroll","background-type":"","background-media":"","overlay-type":"","overlay-color":"","overlay-opacity":"","overlay-gradient":""},"tablet":{"background-color":"","background-image":"","background-repeat":"repeat","background-position":"center center","background-size":"auto","background-attachment":"scroll","background-type":"","background-media":"","overlay-type":"","overlay-color":"","overlay-opacity":"","overlay-gradient":""},"mobile":{"background-color":"","background-image":"","background-repeat":"repeat","background-position":"center center","background-size":"auto","background-attachment":"scroll","background-type":"","background-media":"","overlay-type":"","overlay-color":"","overlay-opacity":"","overlay-gradient":""}},"ast-content-background-meta":{"desktop":{"background-color":"var(--ast-global-color-5)","background-image":"","background-repeat":"repeat","background-position":"center center","background-size":"auto","background-attachment":"scroll","background-type":"","background-media":"","overlay-type":"","overlay-color":"","overlay-opacity":"","overlay-gradient":""},"tablet":{"background-color":"var(--ast-global-color-5)","background-image":"","background-repeat":"repeat","background-position":"center center","background-size":"auto","background-attachment":"scroll","background-type":"","background-media":"","overlay-type":"","overlay-color":"","overlay-opacity":"","overlay-gradient":""},"mobile":{"background-color":"var(--ast-global-color-5)","background-image":"","background-repeat":"repeat","background-position":"center center","background-size":"auto","background-attachment":"scroll","background-type":"","background-media":"","overlay-type":"","overlay-color":"","overlay-opacity":"","overlay-gradient":""}}},"product_brand":[],"product_cat":[60],"product_tag":[],"class_list":{"0":"post-40324","1":"product","2":"type-product","3":"status-publish","4":"has-post-thumbnail","6":"product_cat-borse","7":"product_shipping_class-deluxe-3000","8":"pa_brand-louis-vuitton","9":"pa_cartellino-si","10":"pa_categoria-borsa-a-mano","11":"pa_colore-multicolore","12":"pa_condizioni-ottimo-stato","13":"pa_dust-bag-si","14":"pa_lucchetto-si","15":"pa_venditore-de-luxe","16":"desktop-align-left","17":"tablet-align-left","18":"mobile-align-left","20":"first","21":"instock","22":"sold-individually","23":"shipping-taxable","24":"purchasable","25":"product-type-simple"},"_links":{"self":[{"href":"https:\/\/test.de-luxeshoponline.com\/de\/wp-json\/wp\/v2\/product\/40324","targetHints":{"allow":["GET"]}}],"collection":[{"href":"https:\/\/test.de-luxeshoponline.com\/de\/wp-json\/wp\/v2\/product"}],"about":[{"href":"https:\/\/test.de-luxeshoponline.com\/de\/wp-json\/wp\/v2\/types\/product"}],"replies":[{"embeddable":true,"href":"https:\/\/test.de-luxeshoponline.com\/de\/wp-json\/wp\/v2\/comments?post=40324"}],"wp:featuredmedia":[{"embeddable":true,"href":"https:\/\/test.de-luxeshoponline.com\/de\/wp-json\/wp\/v2\/media\/40336"}],"wp:attachment":[{"href":"https:\/\/test.de-luxeshoponline.com\/de\/wp-json\/wp\/v2\/media?parent=40324"}],"wp:term":[{"taxonomy":"product_brand","embeddable":true,"href":"https:\/\/test.de-luxeshoponline.com\/de\/wp-json\/wp\/v2\/product_brand?post=40324"},{"taxonomy":"product_cat","embeddable":true,"href":"https:\/\/test.de-luxeshoponline.com\/de\/wp-json\/wp\/v2\/product_cat?post=40324"},{"taxonomy":"product_tag","embeddable":true,"href":"https:\/\/test.de-luxeshoponline.com\/de\/wp-json\/wp\/v2\/product_tag?post=40324"}],"curies":[{"name":"wp","href":"https:\/\/api.w.org\/{rel}","templated":true}]}}