{"id":43330,"date":"2025-01-16T16:16:30","date_gmt":"2025-01-16T16:16:30","guid":{"rendered":"https:\/\/de-luxeshoponline.com\/prodotto\/balenciaga-cagole-xs\/"},"modified":"2025-01-16T16:17:18","modified_gmt":"2025-01-16T16:17:18","slug":"balenciaga-cagole-xs","status":"publish","type":"product","link":"https:\/\/test.de-luxeshoponline.com\/de\/produkt\/balenciaga-cagole-xs\/","title":{"rendered":"BALENCIAGA Die Cagole XS"},"content":{"rendered":"<p>Lila XS Tasche, zweimal getragen, komplett mit Staubbeutel und Etikett. Sie hat einen kleinen, kaum sichtbaren Fleck am Boden auf der linken Seite wie auf dem Foto zu sehen, und einen ebenso kleinen, kaum sichtbaren Fleck auf der linken Seite wie auf dem Foto zu sehen.<\/p>\n<p>***<\/p>\n<p>Dieser Artikel wurde von einem PRIVATEN VERK\u00c4UFER ver\u00f6ffentlicht: De-Luxe pr\u00fcft den Artikel vor dem Versand an den K\u00e4ufer live, um stets die Originalit\u00e4t und Konformit\u00e4t der beschriebenen Bedingungen zu gew\u00e4hrleisten<\/p>\n<p>F\u00fcr einen von einem Privatverk\u00e4ufer gekauften Artikel besteht KEINE R\u00fcckgabem\u00f6glichkeit<\/p>\n<p>F\u00fcr weitere Informationen kontaktieren Sie uns oder lesen Sie unsere Allgemeinen Gesch\u00e4ftsbedingungen <\/p>","protected":false},"excerpt":{"rendered":"<p>cagole xs color lilla usata due volte completa di dustbag e cartellini. presenta un puntino impercettibile sulla base lato sx come da foto ed altrettanto puntino impercettibile lato sx come da foto *** Questo articolo \u00e8 pubblicato da un VENDITORE PRIVATO: De-Luxe controller\u00e0 dal vivo l\u2019articolo prima di spedirlo all\u2019acquirente in modo da garantire sempre [&hellip;]<\/p>","protected":false},"featured_media":43359,"comment_status":"open","ping_status":"closed","template":"","meta":{"site-sidebar-layout":"default","site-content-layout":"","ast-site-content-layout":"default","site-content-style":"default","site-sidebar-style":"default","ast-global-header-display":"","ast-banner-title-visibility":"","ast-main-header-display":"","ast-hfb-above-header-display":"","ast-hfb-below-header-display":"","ast-hfb-mobile-header-display":"","site-post-title":"","ast-breadcrumbs-content":"","ast-featured-img":"","footer-sml-layout":"","ast-disable-related-posts":"","theme-transparent-header-meta":"","adv-header-id-meta":"","stick-header-meta":"","header-above-stick-meta":"","header-main-stick-meta":"","header-below-stick-meta":"","astra-migrate-meta-layouts":"default","ast-page-background-enabled":"default","ast-page-background-meta":{"desktop":{"background-color":"var(--ast-global-color-4)","background-image":"","background-repeat":"repeat","background-position":"center center","background-size":"auto","background-attachment":"scroll","background-type":"","background-media":"","overlay-type":"","overlay-color":"","overlay-opacity":"","overlay-gradient":""},"tablet":{"background-color":"","background-image":"","background-repeat":"repeat","background-position":"center center","background-size":"auto","background-attachment":"scroll","background-type":"","background-media":"","overlay-type":"","overlay-color":"","overlay-opacity":"","overlay-gradient":""},"mobile":{"background-color":"","background-image":"","background-repeat":"repeat","background-position":"center center","background-size":"auto","background-attachment":"scroll","background-type":"","background-media":"","overlay-type":"","overlay-color":"","overlay-opacity":"","overlay-gradient":""}},"ast-content-background-meta":{"desktop":{"background-color":"var(--ast-global-color-5)","background-image":"","background-repeat":"repeat","background-position":"center center","background-size":"auto","background-attachment":"scroll","background-type":"","background-media":"","overlay-type":"","overlay-color":"","overlay-opacity":"","overlay-gradient":""},"tablet":{"background-color":"var(--ast-global-color-5)","background-image":"","background-repeat":"repeat","background-position":"center center","background-size":"auto","background-attachment":"scroll","background-type":"","background-media":"","overlay-type":"","overlay-color":"","overlay-opacity":"","overlay-gradient":""},"mobile":{"background-color":"var(--ast-global-color-5)","background-image":"","background-repeat":"repeat","background-position":"center center","background-size":"auto","background-attachment":"scroll","background-type":"","background-media":"","overlay-type":"","overlay-color":"","overlay-opacity":"","overlay-gradient":""}}},"product_brand":[],"product_cat":[60],"product_tag":[],"class_list":{"0":"post-43330","1":"product","2":"type-product","3":"status-publish","4":"has-post-thumbnail","6":"product_cat-borse","7":"product_shipping_class-venditore-privato-3000","8":"pa_brand-balenciaga","9":"pa_cartellino-si","10":"pa_categoria-borse-a-spalla","11":"pa_colore-altri-colori","12":"pa_condizioni-ottimo-stato","13":"pa_dust-bag-si","14":"pa_venditore-privato","15":"desktop-align-left","16":"tablet-align-left","17":"mobile-align-left","19":"first","20":"instock","21":"sold-individually","22":"shipping-taxable","23":"purchasable","24":"product-type-simple"},"_links":{"self":[{"href":"https:\/\/test.de-luxeshoponline.com\/de\/wp-json\/wp\/v2\/product\/43330","targetHints":{"allow":["GET"]}}],"collection":[{"href":"https:\/\/test.de-luxeshoponline.com\/de\/wp-json\/wp\/v2\/product"}],"about":[{"href":"https:\/\/test.de-luxeshoponline.com\/de\/wp-json\/wp\/v2\/types\/product"}],"replies":[{"embeddable":true,"href":"https:\/\/test.de-luxeshoponline.com\/de\/wp-json\/wp\/v2\/comments?post=43330"}],"wp:featuredmedia":[{"embeddable":true,"href":"https:\/\/test.de-luxeshoponline.com\/de\/wp-json\/wp\/v2\/media\/43359"}],"wp:attachment":[{"href":"https:\/\/test.de-luxeshoponline.com\/de\/wp-json\/wp\/v2\/media?parent=43330"}],"wp:term":[{"taxonomy":"product_brand","embeddable":true,"href":"https:\/\/test.de-luxeshoponline.com\/de\/wp-json\/wp\/v2\/product_brand?post=43330"},{"taxonomy":"product_cat","embeddable":true,"href":"https:\/\/test.de-luxeshoponline.com\/de\/wp-json\/wp\/v2\/product_cat?post=43330"},{"taxonomy":"product_tag","embeddable":true,"href":"https:\/\/test.de-luxeshoponline.com\/de\/wp-json\/wp\/v2\/product_tag?post=43330"}],"curies":[{"name":"wp","href":"https:\/\/api.w.org\/{rel}","templated":true}]}}