{"id":46466,"date":"2025-03-04T17:21:42","date_gmt":"2025-03-04T17:21:42","guid":{"rendered":"https:\/\/de-luxeshoponline.com\/prodotto\/tutti-gift-card-e100\/"},"modified":"2025-03-04T17:21:45","modified_gmt":"2025-03-04T17:21:45","slug":"tutti-gift-card-e100","status":"publish","type":"product","link":"https:\/\/test.de-luxeshoponline.com\/de\/produkt\/tutti-gift-card-e100\/","title":{"rendered":"200 \u20ac GESCHENKKARTE"},"content":{"rendered":"<p>Sie wissen nicht, welches Geschenk Sie als n\u00e4chstes kaufen sollen? Sie haben Angst, die falsche Wahl zu treffen?<br \/>\nAlles was Sie tun m\u00fcssen, ist, unsere Geschenkkarte zu kaufen!<\/p>\n<p>IMPORTO GIFT CARD \u20ac200<\/p>\n<p>Der Gutschein ist g\u00fcltig f\u00fcr den Kauf von Taschen oder Accessoires auf der Website und\/oder in Ladengesch\u00e4ften.<br \/>\nDer Gutschein kann nicht in Bargeld umgewandelt und nicht teilweise eingel\u00f6st werden.<br \/>\nDie G\u00fcltigkeit betr\u00e4gt 12 Monate ab Kaufdatum und nach Ablauf dieser Frist ist das Produkt nicht mehr verwendbar.<\/p>\n<p>Wenn Sie w\u00e4hrend des Kaufvorgangs den Gutschein nicht in Papierform per Kurier erhalten m\u00f6chten, w\u00e4hlen Sie \u201eAbholung im Gesch\u00e4ft\u201c, um die Versandkosten zu vermeiden: Wir senden Ihnen Ihren Gutschein im PDF-Format an die registrierte E-Mail-Adresse.<\/p>","protected":false},"excerpt":{"rendered":"<p>Non hai idee per il prossimo regalo? Hai paura di fare una scelta sbagliata? Non ti resta che acquistare la nostra gift card! IMPORTO GIFT CARD \u20ac200 Il buono \u00e8 valido per l&#8217;acquisto di qualsiasi borsa o accessorio presente nel sito e\/o in negozio fisico Il buono non pu\u00f2 essere convertito in denaro e non [&hellip;]<\/p>","protected":false},"featured_media":46579,"comment_status":"open","ping_status":"closed","template":"","meta":{"site-sidebar-layout":"default","site-content-layout":"","ast-site-content-layout":"default","site-content-style":"default","site-sidebar-style":"default","ast-global-header-display":"","ast-banner-title-visibility":"","ast-main-header-display":"","ast-hfb-above-header-display":"","ast-hfb-below-header-display":"","ast-hfb-mobile-header-display":"","site-post-title":"","ast-breadcrumbs-content":"","ast-featured-img":"","footer-sml-layout":"","ast-disable-related-posts":"","theme-transparent-header-meta":"","adv-header-id-meta":"","stick-header-meta":"","header-above-stick-meta":"","header-main-stick-meta":"","header-below-stick-meta":"","astra-migrate-meta-layouts":"default","ast-page-background-enabled":"default","ast-page-background-meta":{"desktop":{"background-color":"var(--ast-global-color-4)","background-image":"","background-repeat":"repeat","background-position":"center center","background-size":"auto","background-attachment":"scroll","background-type":"","background-media":"","overlay-type":"","overlay-color":"","overlay-opacity":"","overlay-gradient":""},"tablet":{"background-color":"","background-image":"","background-repeat":"repeat","background-position":"center center","background-size":"auto","background-attachment":"scroll","background-type":"","background-media":"","overlay-type":"","overlay-color":"","overlay-opacity":"","overlay-gradient":""},"mobile":{"background-color":"","background-image":"","background-repeat":"repeat","background-position":"center center","background-size":"auto","background-attachment":"scroll","background-type":"","background-media":"","overlay-type":"","overlay-color":"","overlay-opacity":"","overlay-gradient":""}},"ast-content-background-meta":{"desktop":{"background-color":"var(--ast-global-color-5)","background-image":"","background-repeat":"repeat","background-position":"center center","background-size":"auto","background-attachment":"scroll","background-type":"","background-media":"","overlay-type":"","overlay-color":"","overlay-opacity":"","overlay-gradient":""},"tablet":{"background-color":"var(--ast-global-color-5)","background-image":"","background-repeat":"repeat","background-position":"center center","background-size":"auto","background-attachment":"scroll","background-type":"","background-media":"","overlay-type":"","overlay-color":"","overlay-opacity":"","overlay-gradient":""},"mobile":{"background-color":"var(--ast-global-color-5)","background-image":"","background-repeat":"repeat","background-position":"center center","background-size":"auto","background-attachment":"scroll","background-type":"","background-media":"","overlay-type":"","overlay-color":"","overlay-opacity":"","overlay-gradient":""}}},"product_brand":[],"product_cat":[60],"product_tag":[],"class_list":{"0":"post-46466","1":"product","2":"type-product","3":"status-publish","4":"has-post-thumbnail","6":"product_cat-borse","7":"product_shipping_class-deluxe-300","8":"pa_brand-gift-card","9":"pa_categoria-zaini-e-altre-borse","10":"pa_colore-altri-colori","11":"pa_venditore-de-luxe","12":"desktop-align-left","13":"tablet-align-left","14":"mobile-align-left","16":"first","17":"instock","18":"sold-individually","19":"shipping-taxable","20":"purchasable","21":"product-type-simple"},"_links":{"self":[{"href":"https:\/\/test.de-luxeshoponline.com\/de\/wp-json\/wp\/v2\/product\/46466","targetHints":{"allow":["GET"]}}],"collection":[{"href":"https:\/\/test.de-luxeshoponline.com\/de\/wp-json\/wp\/v2\/product"}],"about":[{"href":"https:\/\/test.de-luxeshoponline.com\/de\/wp-json\/wp\/v2\/types\/product"}],"replies":[{"embeddable":true,"href":"https:\/\/test.de-luxeshoponline.com\/de\/wp-json\/wp\/v2\/comments?post=46466"}],"wp:featuredmedia":[{"embeddable":true,"href":"https:\/\/test.de-luxeshoponline.com\/de\/wp-json\/wp\/v2\/media\/46579"}],"wp:attachment":[{"href":"https:\/\/test.de-luxeshoponline.com\/de\/wp-json\/wp\/v2\/media?parent=46466"}],"wp:term":[{"taxonomy":"product_brand","embeddable":true,"href":"https:\/\/test.de-luxeshoponline.com\/de\/wp-json\/wp\/v2\/product_brand?post=46466"},{"taxonomy":"product_cat","embeddable":true,"href":"https:\/\/test.de-luxeshoponline.com\/de\/wp-json\/wp\/v2\/product_cat?post=46466"},{"taxonomy":"product_tag","embeddable":true,"href":"https:\/\/test.de-luxeshoponline.com\/de\/wp-json\/wp\/v2\/product_tag?post=46466"}],"curies":[{"name":"wp","href":"https:\/\/api.w.org\/{rel}","templated":true}]}}