{"id":52874,"date":"2025-12-01T10:21:18","date_gmt":"2025-12-01T10:21:18","guid":{"rendered":"https:\/\/de-luxeshoponline.com\/prodotto\/saint-laurent-calypso-small\/"},"modified":"2025-12-01T10:23:30","modified_gmt":"2025-12-01T10:23:30","slug":"saint-laurent-calypso-small","status":"publish","type":"product","link":"https:\/\/test.de-luxeshoponline.com\/de\/produkt\/saint-laurent-calypso-small\/","title":{"rendered":"SAINT LAURENT Calypso klein"},"content":{"rendered":"<p>SAINT LAURENT Calypso klein aus sehr weichem schwarzem Nappa mit goldenem HW<br \/>\nDerzeit in Boutiquen f\u00fcr 2400 Euro<br \/>\nAbmessungen: 26x14x7cm<br \/>\nDer Zustand ist ausgezeichnet, sehr leichte und unmerkliche M\u00e4ngel sind sichtbar, wenn man sie gegen das Licht auf der R\u00fcckseite der Tasche h\u00e4lt<br \/>\nKommt mit: Staubbeutel und Etiketten<\/p>\n<p>Die in diesem Produktblatt enthaltenen detaillierten Fotos des Artikels wurden nicht ver\u00e4ndert und stellen aus diesem Grund den tats\u00e4chlichen Zustand des Objekts dar<\/p>","protected":false},"excerpt":{"rendered":"<p>SAINT LAURENT Calypso small in nappa morbidissima nera con hw gold Attualmente in boutique a 2400 euro Misure: 26x14x7cm Le condizioni sono ottime, lievissime e impercettibili imperfezioni visibili in controluce nel retro della borsa A corredo: dustbag e cartellini Le foto in dettaglio dell&#8217;articolo che sono presenti in questa scheda prodotto non sono state modificate [&hellip;]<\/p>","protected":false},"featured_media":63208,"comment_status":"open","ping_status":"closed","template":"","meta":{"site-sidebar-layout":"default","site-content-layout":"","ast-site-content-layout":"default","site-content-style":"default","site-sidebar-style":"default","ast-global-header-display":"","ast-banner-title-visibility":"","ast-main-header-display":"","ast-hfb-above-header-display":"","ast-hfb-below-header-display":"","ast-hfb-mobile-header-display":"","site-post-title":"","ast-breadcrumbs-content":"","ast-featured-img":"","footer-sml-layout":"","ast-disable-related-posts":"","theme-transparent-header-meta":"","adv-header-id-meta":"","stick-header-meta":"","header-above-stick-meta":"","header-main-stick-meta":"","header-below-stick-meta":"","astra-migrate-meta-layouts":"default","ast-page-background-enabled":"default","ast-page-background-meta":{"desktop":{"background-color":"var(--ast-global-color-4)","background-image":"","background-repeat":"repeat","background-position":"center center","background-size":"auto","background-attachment":"scroll","background-type":"","background-media":"","overlay-type":"","overlay-color":"","overlay-opacity":"","overlay-gradient":""},"tablet":{"background-color":"","background-image":"","background-repeat":"repeat","background-position":"center center","background-size":"auto","background-attachment":"scroll","background-type":"","background-media":"","overlay-type":"","overlay-color":"","overlay-opacity":"","overlay-gradient":""},"mobile":{"background-color":"","background-image":"","background-repeat":"repeat","background-position":"center center","background-size":"auto","background-attachment":"scroll","background-type":"","background-media":"","overlay-type":"","overlay-color":"","overlay-opacity":"","overlay-gradient":""}},"ast-content-background-meta":{"desktop":{"background-color":"var(--ast-global-color-5)","background-image":"","background-repeat":"repeat","background-position":"center center","background-size":"auto","background-attachment":"scroll","background-type":"","background-media":"","overlay-type":"","overlay-color":"","overlay-opacity":"","overlay-gradient":""},"tablet":{"background-color":"var(--ast-global-color-5)","background-image":"","background-repeat":"repeat","background-position":"center center","background-size":"auto","background-attachment":"scroll","background-type":"","background-media":"","overlay-type":"","overlay-color":"","overlay-opacity":"","overlay-gradient":""},"mobile":{"background-color":"var(--ast-global-color-5)","background-image":"","background-repeat":"repeat","background-position":"center center","background-size":"auto","background-attachment":"scroll","background-type":"","background-media":"","overlay-type":"","overlay-color":"","overlay-opacity":"","overlay-gradient":""}}},"product_brand":[],"product_cat":[60],"product_tag":[],"class_list":{"0":"post-52874","1":"product","2":"type-product","3":"status-publish","4":"has-post-thumbnail","6":"product_cat-borse","7":"product_shipping_class-deluxe-3000","8":"pa_brand-saint-laurent","9":"pa_categoria-borse-a-spalla","10":"pa_colore-nero","11":"pa_condizioni-ottimo-stato","12":"pa_venditore-de-luxe","13":"desktop-align-left","14":"tablet-align-left","15":"mobile-align-left","17":"first","18":"instock","19":"sold-individually","20":"shipping-taxable","21":"purchasable","22":"product-type-simple"},"_links":{"self":[{"href":"https:\/\/test.de-luxeshoponline.com\/de\/wp-json\/wp\/v2\/product\/52874","targetHints":{"allow":["GET"]}}],"collection":[{"href":"https:\/\/test.de-luxeshoponline.com\/de\/wp-json\/wp\/v2\/product"}],"about":[{"href":"https:\/\/test.de-luxeshoponline.com\/de\/wp-json\/wp\/v2\/types\/product"}],"replies":[{"embeddable":true,"href":"https:\/\/test.de-luxeshoponline.com\/de\/wp-json\/wp\/v2\/comments?post=52874"}],"wp:featuredmedia":[{"embeddable":true,"href":"https:\/\/test.de-luxeshoponline.com\/de\/wp-json\/wp\/v2\/media\/63208"}],"wp:attachment":[{"href":"https:\/\/test.de-luxeshoponline.com\/de\/wp-json\/wp\/v2\/media?parent=52874"}],"wp:term":[{"taxonomy":"product_brand","embeddable":true,"href":"https:\/\/test.de-luxeshoponline.com\/de\/wp-json\/wp\/v2\/product_brand?post=52874"},{"taxonomy":"product_cat","embeddable":true,"href":"https:\/\/test.de-luxeshoponline.com\/de\/wp-json\/wp\/v2\/product_cat?post=52874"},{"taxonomy":"product_tag","embeddable":true,"href":"https:\/\/test.de-luxeshoponline.com\/de\/wp-json\/wp\/v2\/product_tag?post=52874"}],"curies":[{"name":"wp","href":"https:\/\/api.w.org\/{rel}","templated":true}]}}