{"id":63973,"date":"2026-02-11T16:56:22","date_gmt":"2026-02-11T16:56:22","guid":{"rendered":"https:\/\/de-luxeshoponline.com\/prodotto\/chanel-timeless-25\/"},"modified":"2026-02-11T17:42:24","modified_gmt":"2026-02-11T17:42:24","slug":"chanel-timeless-25","status":"publish","type":"product","link":"https:\/\/test.de-luxeshoponline.com\/de\/produkt\/chanel-timeless-25\/","title":{"rendered":"CHANEL Timeless 25"},"content":{"rendered":"<p>CHANEL Timeless 25 in senffarbenem Kaviarleder und goldfarbenen Beschl\u00e4gen<br \/>\nvollst\u00e4ndiger Code 12*** \u2013 Jahr 2008<br \/>\nDerzeit in der Sammlung befindlicher Artikel f\u00fcr 10.300 Euro<br \/>\nMa\u00dfe: 25,5 x 16 x 6,5 cm<br \/>\nDer Zustand ist hervorragend, ohne jegliche Gebrauchsspuren oder M\u00e4ngel. Sowohl das Innere als auch das \u00c4u\u00dfere sind makellos. Die Metallteile gl\u00e4nzen, und die Tasche ist in perfektem Zustand.<br \/>\nLieferumfang: Box, Karte, Booklet<\/p>\n<p>Die in diesem Produktblatt enthaltenen detaillierten Fotos des Artikels wurden nicht ver\u00e4ndert und stellen aus diesem Grund den tats\u00e4chlichen Zustand des Objekts dar<\/p>","protected":false},"excerpt":{"rendered":"<p>CHANEL Timeless 25 in pelle caviar color senaper e hardware oro codice integro 12*** &#8211; anno 2008 Articolo attualmente in collezione a 10300 euro Misura: 25,5 x 16 x 6,5 cm Le condizioni sono ottime, non c&#8217;\u00e8 nessuna usura o imperfezione da segnalare. L&#8217;interno \u00e8 perfetto, cos\u00ec come l&#8217;esterno. L&#8217;hardware \u00e8 brillante e la borsa [&hellip;]<\/p>","protected":false},"featured_media":69673,"comment_status":"open","ping_status":"closed","template":"","meta":{"site-sidebar-layout":"default","site-content-layout":"","ast-site-content-layout":"default","site-content-style":"default","site-sidebar-style":"default","ast-global-header-display":"","ast-banner-title-visibility":"","ast-main-header-display":"","ast-hfb-above-header-display":"","ast-hfb-below-header-display":"","ast-hfb-mobile-header-display":"","site-post-title":"","ast-breadcrumbs-content":"","ast-featured-img":"","footer-sml-layout":"","ast-disable-related-posts":"","theme-transparent-header-meta":"","adv-header-id-meta":"","stick-header-meta":"","header-above-stick-meta":"","header-main-stick-meta":"","header-below-stick-meta":"","astra-migrate-meta-layouts":"default","ast-page-background-enabled":"default","ast-page-background-meta":{"desktop":{"background-color":"var(--ast-global-color-4)","background-image":"","background-repeat":"repeat","background-position":"center center","background-size":"auto","background-attachment":"scroll","background-type":"","background-media":"","overlay-type":"","overlay-color":"","overlay-opacity":"","overlay-gradient":""},"tablet":{"background-color":"","background-image":"","background-repeat":"repeat","background-position":"center center","background-size":"auto","background-attachment":"scroll","background-type":"","background-media":"","overlay-type":"","overlay-color":"","overlay-opacity":"","overlay-gradient":""},"mobile":{"background-color":"","background-image":"","background-repeat":"repeat","background-position":"center center","background-size":"auto","background-attachment":"scroll","background-type":"","background-media":"","overlay-type":"","overlay-color":"","overlay-opacity":"","overlay-gradient":""}},"ast-content-background-meta":{"desktop":{"background-color":"var(--ast-global-color-5)","background-image":"","background-repeat":"repeat","background-position":"center center","background-size":"auto","background-attachment":"scroll","background-type":"","background-media":"","overlay-type":"","overlay-color":"","overlay-opacity":"","overlay-gradient":""},"tablet":{"background-color":"var(--ast-global-color-5)","background-image":"","background-repeat":"repeat","background-position":"center center","background-size":"auto","background-attachment":"scroll","background-type":"","background-media":"","overlay-type":"","overlay-color":"","overlay-opacity":"","overlay-gradient":""},"mobile":{"background-color":"var(--ast-global-color-5)","background-image":"","background-repeat":"repeat","background-position":"center center","background-size":"auto","background-attachment":"scroll","background-type":"","background-media":"","overlay-type":"","overlay-color":"","overlay-opacity":"","overlay-gradient":""}}},"product_brand":[],"product_cat":[60],"product_tag":[],"class_list":{"0":"post-63973","1":"product","2":"type-product","3":"status-publish","4":"has-post-thumbnail","6":"product_cat-borse","7":"product_shipping_class-deluxe-6001","8":"pa_brand-chanel","9":"pa_categoria-borse-a-spalla","10":"pa_colore-marrone","11":"pa_condizioni-ottimo-stato","12":"pa_dust-bag-si","13":"pa_venditore-de-luxe","14":"desktop-align-left","15":"tablet-align-left","16":"mobile-align-left","18":"first","19":"instock","20":"sold-individually","21":"shipping-taxable","22":"purchasable","23":"product-type-simple"},"_links":{"self":[{"href":"https:\/\/test.de-luxeshoponline.com\/de\/wp-json\/wp\/v2\/product\/63973","targetHints":{"allow":["GET"]}}],"collection":[{"href":"https:\/\/test.de-luxeshoponline.com\/de\/wp-json\/wp\/v2\/product"}],"about":[{"href":"https:\/\/test.de-luxeshoponline.com\/de\/wp-json\/wp\/v2\/types\/product"}],"replies":[{"embeddable":true,"href":"https:\/\/test.de-luxeshoponline.com\/de\/wp-json\/wp\/v2\/comments?post=63973"}],"wp:featuredmedia":[{"embeddable":true,"href":"https:\/\/test.de-luxeshoponline.com\/de\/wp-json\/wp\/v2\/media\/69673"}],"wp:attachment":[{"href":"https:\/\/test.de-luxeshoponline.com\/de\/wp-json\/wp\/v2\/media?parent=63973"}],"wp:term":[{"taxonomy":"product_brand","embeddable":true,"href":"https:\/\/test.de-luxeshoponline.com\/de\/wp-json\/wp\/v2\/product_brand?post=63973"},{"taxonomy":"product_cat","embeddable":true,"href":"https:\/\/test.de-luxeshoponline.com\/de\/wp-json\/wp\/v2\/product_cat?post=63973"},{"taxonomy":"product_tag","embeddable":true,"href":"https:\/\/test.de-luxeshoponline.com\/de\/wp-json\/wp\/v2\/product_tag?post=63973"}],"curies":[{"name":"wp","href":"https:\/\/api.w.org\/{rel}","templated":true}]}}