{"id":65589,"date":"2026-01-10T16:38:24","date_gmt":"2026-01-10T16:38:24","guid":{"rendered":"https:\/\/de-luxeshoponline.com\/prodotto\/dior-diorquake-85\/"},"modified":"2026-01-10T16:39:51","modified_gmt":"2026-01-10T16:39:51","slug":"dior-diorquake-85","status":"publish","type":"product","link":"https:\/\/test.de-luxeshoponline.com\/de\/produkt\/dior-diorquake-85\/","title":{"rendered":"DIOR Diorquake 85"},"content":{"rendered":"<p>DIOR Diorquake G\u00fcrtel aus schwarzem Leder mit goldenen Beschl\u00e4gen<br \/>\nGr\u00f6\u00dfe: 95 x 5,5 cm<br \/>\nEs gibt 5 L\u00f6cher zum Verschlie\u00dfen.<br \/>\nDie Gegenst\u00e4nde sind in neuwertigem Zustand, lediglich die Schnalle weist eine kleine Unregelm\u00e4\u00dfigkeit auf, die nur bei einer bestimmten Neigung der Schnalle sichtbar ist.<br \/>\nIm Lieferumfang enthalten: Staubbeutel<\/p>\n<p>Die in diesem Produktblatt enthaltenen detaillierten Fotos des Artikels wurden nicht ver\u00e4ndert und stellen aus diesem Grund den tats\u00e4chlichen Zustand des Objekts dar<\/p>","protected":false},"excerpt":{"rendered":"<p>DIOR cintura Diorquake in pelle nera con hw gold Misura: 95&#215;5,5 cm I buchi per chiuderla a disposizione sono 5 Le condizioni sono pari al nuovo, c&#8217;\u00e8 solo un imperfezione sulla fibbia visibile solo inclinando la fibbia in un certo modo A corredo: dustbag Le foto in dettaglio dell&#8217;articolo che sono presenti in questa scheda [&hellip;]<\/p>","protected":false},"featured_media":66121,"comment_status":"open","ping_status":"closed","template":"","meta":{"site-sidebar-layout":"default","site-content-layout":"","ast-site-content-layout":"default","site-content-style":"default","site-sidebar-style":"default","ast-global-header-display":"","ast-banner-title-visibility":"","ast-main-header-display":"","ast-hfb-above-header-display":"","ast-hfb-below-header-display":"","ast-hfb-mobile-header-display":"","site-post-title":"","ast-breadcrumbs-content":"","ast-featured-img":"","footer-sml-layout":"","ast-disable-related-posts":"","theme-transparent-header-meta":"","adv-header-id-meta":"","stick-header-meta":"","header-above-stick-meta":"","header-main-stick-meta":"","header-below-stick-meta":"","astra-migrate-meta-layouts":"default","ast-page-background-enabled":"default","ast-page-background-meta":{"desktop":{"background-color":"var(--ast-global-color-4)","background-image":"","background-repeat":"repeat","background-position":"center center","background-size":"auto","background-attachment":"scroll","background-type":"","background-media":"","overlay-type":"","overlay-color":"","overlay-opacity":"","overlay-gradient":""},"tablet":{"background-color":"","background-image":"","background-repeat":"repeat","background-position":"center center","background-size":"auto","background-attachment":"scroll","background-type":"","background-media":"","overlay-type":"","overlay-color":"","overlay-opacity":"","overlay-gradient":""},"mobile":{"background-color":"","background-image":"","background-repeat":"repeat","background-position":"center center","background-size":"auto","background-attachment":"scroll","background-type":"","background-media":"","overlay-type":"","overlay-color":"","overlay-opacity":"","overlay-gradient":""}},"ast-content-background-meta":{"desktop":{"background-color":"var(--ast-global-color-5)","background-image":"","background-repeat":"repeat","background-position":"center center","background-size":"auto","background-attachment":"scroll","background-type":"","background-media":"","overlay-type":"","overlay-color":"","overlay-opacity":"","overlay-gradient":""},"tablet":{"background-color":"var(--ast-global-color-5)","background-image":"","background-repeat":"repeat","background-position":"center center","background-size":"auto","background-attachment":"scroll","background-type":"","background-media":"","overlay-type":"","overlay-color":"","overlay-opacity":"","overlay-gradient":""},"mobile":{"background-color":"var(--ast-global-color-5)","background-image":"","background-repeat":"repeat","background-position":"center center","background-size":"auto","background-attachment":"scroll","background-type":"","background-media":"","overlay-type":"","overlay-color":"","overlay-opacity":"","overlay-gradient":""}}},"product_brand":[],"product_cat":[15],"product_tag":[],"class_list":{"0":"post-65589","1":"product","2":"type-product","3":"status-publish","4":"has-post-thumbnail","6":"product_cat-accessori","7":"product_shipping_class-deluxe-3000","8":"pa_accessori-cinture","9":"pa_brand-dior","10":"pa_colore-nero","11":"pa_condizioni-ottimo-stato","12":"pa_venditore-de-luxe","13":"desktop-align-left","14":"tablet-align-left","15":"mobile-align-left","17":"first","18":"instock","19":"sold-individually","20":"shipping-taxable","21":"purchasable","22":"product-type-simple"},"_links":{"self":[{"href":"https:\/\/test.de-luxeshoponline.com\/de\/wp-json\/wp\/v2\/product\/65589","targetHints":{"allow":["GET"]}}],"collection":[{"href":"https:\/\/test.de-luxeshoponline.com\/de\/wp-json\/wp\/v2\/product"}],"about":[{"href":"https:\/\/test.de-luxeshoponline.com\/de\/wp-json\/wp\/v2\/types\/product"}],"replies":[{"embeddable":true,"href":"https:\/\/test.de-luxeshoponline.com\/de\/wp-json\/wp\/v2\/comments?post=65589"}],"wp:featuredmedia":[{"embeddable":true,"href":"https:\/\/test.de-luxeshoponline.com\/de\/wp-json\/wp\/v2\/media\/66121"}],"wp:attachment":[{"href":"https:\/\/test.de-luxeshoponline.com\/de\/wp-json\/wp\/v2\/media?parent=65589"}],"wp:term":[{"taxonomy":"product_brand","embeddable":true,"href":"https:\/\/test.de-luxeshoponline.com\/de\/wp-json\/wp\/v2\/product_brand?post=65589"},{"taxonomy":"product_cat","embeddable":true,"href":"https:\/\/test.de-luxeshoponline.com\/de\/wp-json\/wp\/v2\/product_cat?post=65589"},{"taxonomy":"product_tag","embeddable":true,"href":"https:\/\/test.de-luxeshoponline.com\/de\/wp-json\/wp\/v2\/product_tag?post=65589"}],"curies":[{"name":"wp","href":"https:\/\/api.w.org\/{rel}","templated":true}]}}