{"id":9794,"date":"2023-11-30T19:03:39","date_gmt":"2023-11-30T19:03:39","guid":{"rendered":"https:\/\/de-luxeshoponline.com\/prodotto\/hermes-herbag\/"},"modified":"2024-05-19T11:28:06","modified_gmt":"2024-05-19T11:28:06","slug":"hermes-herbag","status":"publish","type":"product","link":"https:\/\/test.de-luxeshoponline.com\/de\/produkt\/hermes-herbag\/","title":{"rendered":"HERM\u00e8S Herbag"},"content":{"rendered":"<p>mit Leder- und Stoffprofil.<br \/>\nLa borsa \u00e8 dotata di doppia scocca: staccando la profilatura del bordo con i manici, questa pu\u00f2 essere montata su una scocca di dimensioni pi\u00f9 piccole: avete quindi due borse in una.<br \/>\nMisure 40&#215;32 cm la scocca grande<br \/>\nMisure 40&#215;22 cm la scocca piccola<br \/>\nModellgr\u00f6\u00dfe 165 cm<\/p>","protected":false},"excerpt":{"rendered":"<p>con profilo in pelle e tessuto. La borsa \u00e8 dotata di doppia scocca: staccando la profilatura del bordo con i manici, questa pu\u00f2 essere montata su una scocca di dimensioni pi\u00f9 piccole: avete quindi due borse in una. Misure 40&#215;32 cm la scocca grande Misure 40&#215;22 cm la scocca piccola Altezza modella 165cm<\/p>","protected":false},"featured_media":25879,"comment_status":"open","ping_status":"closed","template":"","meta":{"site-sidebar-layout":"default","site-content-layout":"","ast-site-content-layout":"default","site-content-style":"default","site-sidebar-style":"default","ast-global-header-display":"","ast-banner-title-visibility":"","ast-main-header-display":"","ast-hfb-above-header-display":"","ast-hfb-below-header-display":"","ast-hfb-mobile-header-display":"","site-post-title":"","ast-breadcrumbs-content":"","ast-featured-img":"","footer-sml-layout":"","ast-disable-related-posts":"","theme-transparent-header-meta":"","adv-header-id-meta":"","stick-header-meta":"","header-above-stick-meta":"","header-main-stick-meta":"","header-below-stick-meta":"","astra-migrate-meta-layouts":"default","ast-page-background-enabled":"default","ast-page-background-meta":{"desktop":{"background-color":"var(--ast-global-color-4)","background-image":"","background-repeat":"repeat","background-position":"center center","background-size":"auto","background-attachment":"scroll","background-type":"","background-media":"","overlay-type":"","overlay-color":"","overlay-opacity":"","overlay-gradient":""},"tablet":{"background-color":"","background-image":"","background-repeat":"repeat","background-position":"center center","background-size":"auto","background-attachment":"scroll","background-type":"","background-media":"","overlay-type":"","overlay-color":"","overlay-opacity":"","overlay-gradient":""},"mobile":{"background-color":"","background-image":"","background-repeat":"repeat","background-position":"center center","background-size":"auto","background-attachment":"scroll","background-type":"","background-media":"","overlay-type":"","overlay-color":"","overlay-opacity":"","overlay-gradient":""}},"ast-content-background-meta":{"desktop":{"background-color":"var(--ast-global-color-5)","background-image":"","background-repeat":"repeat","background-position":"center center","background-size":"auto","background-attachment":"scroll","background-type":"","background-media":"","overlay-type":"","overlay-color":"","overlay-opacity":"","overlay-gradient":""},"tablet":{"background-color":"var(--ast-global-color-5)","background-image":"","background-repeat":"repeat","background-position":"center center","background-size":"auto","background-attachment":"scroll","background-type":"","background-media":"","overlay-type":"","overlay-color":"","overlay-opacity":"","overlay-gradient":""},"mobile":{"background-color":"var(--ast-global-color-5)","background-image":"","background-repeat":"repeat","background-position":"center center","background-size":"auto","background-attachment":"scroll","background-type":"","background-media":"","overlay-type":"","overlay-color":"","overlay-opacity":"","overlay-gradient":""}}},"product_brand":[],"product_cat":[60],"product_tag":[],"class_list":{"0":"post-9794","1":"product","2":"type-product","3":"status-publish","4":"has-post-thumbnail","6":"product_cat-borse","7":"product_shipping_class-deluxe-3000","8":"pa_brand-hermes","9":"pa_categoria-borse-a-spalla","10":"pa_colore-nero","11":"pa_condizioni-ottimo-stato","12":"pa_dust-bag-si","13":"pa_venditore-de-luxe","14":"desktop-align-left","15":"tablet-align-left","16":"mobile-align-left","18":"first","19":"instock","20":"sold-individually","21":"shipping-taxable","22":"purchasable","23":"product-type-simple"},"_links":{"self":[{"href":"https:\/\/test.de-luxeshoponline.com\/de\/wp-json\/wp\/v2\/product\/9794","targetHints":{"allow":["GET"]}}],"collection":[{"href":"https:\/\/test.de-luxeshoponline.com\/de\/wp-json\/wp\/v2\/product"}],"about":[{"href":"https:\/\/test.de-luxeshoponline.com\/de\/wp-json\/wp\/v2\/types\/product"}],"replies":[{"embeddable":true,"href":"https:\/\/test.de-luxeshoponline.com\/de\/wp-json\/wp\/v2\/comments?post=9794"}],"wp:featuredmedia":[{"embeddable":true,"href":"https:\/\/test.de-luxeshoponline.com\/de\/wp-json\/wp\/v2\/media\/25879"}],"wp:attachment":[{"href":"https:\/\/test.de-luxeshoponline.com\/de\/wp-json\/wp\/v2\/media?parent=9794"}],"wp:term":[{"taxonomy":"product_brand","embeddable":true,"href":"https:\/\/test.de-luxeshoponline.com\/de\/wp-json\/wp\/v2\/product_brand?post=9794"},{"taxonomy":"product_cat","embeddable":true,"href":"https:\/\/test.de-luxeshoponline.com\/de\/wp-json\/wp\/v2\/product_cat?post=9794"},{"taxonomy":"product_tag","embeddable":true,"href":"https:\/\/test.de-luxeshoponline.com\/de\/wp-json\/wp\/v2\/product_tag?post=9794"}],"curies":[{"name":"wp","href":"https:\/\/api.w.org\/{rel}","templated":true}]}}