{"id":46580,"date":"2025-03-04T17:26:30","date_gmt":"2025-03-04T17:26:30","guid":{"rendered":"https:\/\/de-luxeshoponline.com\/prodotto\/gift-card-da-e200\/"},"modified":"2025-03-04T17:26:35","modified_gmt":"2025-03-04T17:26:35","slug":"gift-card-da-e200","status":"publish","type":"product","link":"https:\/\/test.de-luxeshoponline.com\/en\/product\/gift-card-da-e200\/","title":{"rendered":"\u20ac500 GIFT CARD"},"content":{"rendered":"<p>Stuck for your next gift? Afraid of making the wrong choice?<br \/>\nAll you have to do is buy our gift card!<\/p>\n<p>IMPORTO GIFT CARD \u20ac500<\/p>\n<p>Il buono \u00e8 valido per l&#8217;acquisto di qualsiasi borsa o accessorio presente nel sito e\/o in negozio fisico<br \/>\nIl buono non pu\u00f2 essere convertito in denaro e non pu\u00f2 essere utilizzato parzialmente<br \/>\nLa validit\u00e0 \u00e8 di 12 mesi a partire dalla data di acquisto e, una volta scaduto, non \u00e8 pi\u00f9 utilizzabile<\/p>\n<p>Durante il processo d&#8217;acquisto, se NON desideri ricevere il buono in formato cartaceo con corriere,  seleziona &#8220;ritiro in negozio&#8221; per azzerrare le spese di spedizione: ti invieremo il tuo buono in pdf all&#8217;indirizzo mail registrato<\/p>","protected":false},"excerpt":{"rendered":"<p>Non hai idee per il prossimo regalo? Hai paura di fare una scelta sbagliata? Non ti resta che acquistare la nostra gift card! IMPORTO GIFT CARD \u20ac500 Il buono \u00e8 valido per l&#8217;acquisto di qualsiasi borsa o accessorio presente nel sito e\/o in negozio fisico Il buono non pu\u00f2 essere convertito in denaro e non [&hellip;]<\/p>","protected":false},"featured_media":46588,"comment_status":"open","ping_status":"closed","template":"","meta":{"site-sidebar-layout":"default","site-content-layout":"","ast-site-content-layout":"default","site-content-style":"default","site-sidebar-style":"default","ast-global-header-display":"","ast-banner-title-visibility":"","ast-main-header-display":"","ast-hfb-above-header-display":"","ast-hfb-below-header-display":"","ast-hfb-mobile-header-display":"","site-post-title":"","ast-breadcrumbs-content":"","ast-featured-img":"","footer-sml-layout":"","ast-disable-related-posts":"","theme-transparent-header-meta":"","adv-header-id-meta":"","stick-header-meta":"","header-above-stick-meta":"","header-main-stick-meta":"","header-below-stick-meta":"","astra-migrate-meta-layouts":"default","ast-page-background-enabled":"default","ast-page-background-meta":{"desktop":{"background-color":"var(--ast-global-color-4)","background-image":"","background-repeat":"repeat","background-position":"center center","background-size":"auto","background-attachment":"scroll","background-type":"","background-media":"","overlay-type":"","overlay-color":"","overlay-opacity":"","overlay-gradient":""},"tablet":{"background-color":"","background-image":"","background-repeat":"repeat","background-position":"center center","background-size":"auto","background-attachment":"scroll","background-type":"","background-media":"","overlay-type":"","overlay-color":"","overlay-opacity":"","overlay-gradient":""},"mobile":{"background-color":"","background-image":"","background-repeat":"repeat","background-position":"center center","background-size":"auto","background-attachment":"scroll","background-type":"","background-media":"","overlay-type":"","overlay-color":"","overlay-opacity":"","overlay-gradient":""}},"ast-content-background-meta":{"desktop":{"background-color":"var(--ast-global-color-5)","background-image":"","background-repeat":"repeat","background-position":"center center","background-size":"auto","background-attachment":"scroll","background-type":"","background-media":"","overlay-type":"","overlay-color":"","overlay-opacity":"","overlay-gradient":""},"tablet":{"background-color":"var(--ast-global-color-5)","background-image":"","background-repeat":"repeat","background-position":"center center","background-size":"auto","background-attachment":"scroll","background-type":"","background-media":"","overlay-type":"","overlay-color":"","overlay-opacity":"","overlay-gradient":""},"mobile":{"background-color":"var(--ast-global-color-5)","background-image":"","background-repeat":"repeat","background-position":"center center","background-size":"auto","background-attachment":"scroll","background-type":"","background-media":"","overlay-type":"","overlay-color":"","overlay-opacity":"","overlay-gradient":""}}},"product_brand":[],"product_cat":[60],"product_tag":[],"class_list":{"0":"post-46580","1":"product","2":"type-product","3":"status-publish","4":"has-post-thumbnail","6":"product_cat-borse","7":"product_shipping_class-deluxe-300","8":"pa_brand-gift-card","9":"pa_categoria-zaini-e-altre-borse","10":"pa_colore-altri-colori","11":"pa_venditore-de-luxe","12":"desktop-align-left","13":"tablet-align-left","14":"mobile-align-left","16":"first","17":"instock","18":"sold-individually","19":"shipping-taxable","20":"purchasable","21":"product-type-simple"},"_links":{"self":[{"href":"https:\/\/test.de-luxeshoponline.com\/en\/wp-json\/wp\/v2\/product\/46580","targetHints":{"allow":["GET"]}}],"collection":[{"href":"https:\/\/test.de-luxeshoponline.com\/en\/wp-json\/wp\/v2\/product"}],"about":[{"href":"https:\/\/test.de-luxeshoponline.com\/en\/wp-json\/wp\/v2\/types\/product"}],"replies":[{"embeddable":true,"href":"https:\/\/test.de-luxeshoponline.com\/en\/wp-json\/wp\/v2\/comments?post=46580"}],"wp:featuredmedia":[{"embeddable":true,"href":"https:\/\/test.de-luxeshoponline.com\/en\/wp-json\/wp\/v2\/media\/46588"}],"wp:attachment":[{"href":"https:\/\/test.de-luxeshoponline.com\/en\/wp-json\/wp\/v2\/media?parent=46580"}],"wp:term":[{"taxonomy":"product_brand","embeddable":true,"href":"https:\/\/test.de-luxeshoponline.com\/en\/wp-json\/wp\/v2\/product_brand?post=46580"},{"taxonomy":"product_cat","embeddable":true,"href":"https:\/\/test.de-luxeshoponline.com\/en\/wp-json\/wp\/v2\/product_cat?post=46580"},{"taxonomy":"product_tag","embeddable":true,"href":"https:\/\/test.de-luxeshoponline.com\/en\/wp-json\/wp\/v2\/product_tag?post=46580"}],"curies":[{"name":"wp","href":"https:\/\/api.w.org\/{rel}","templated":true}]}}