{"id":66326,"date":"2026-01-15T13:42:40","date_gmt":"2026-01-15T13:42:40","guid":{"rendered":"https:\/\/de-luxeshoponline.com\/prodotto\/louis-vuitton\/"},"modified":"2026-01-15T13:44:11","modified_gmt":"2026-01-15T13:44:11","slug":"louis-vuitton","status":"publish","type":"product","link":"https:\/\/test.de-luxeshoponline.com\/en\/product\/louis-vuitton\/","title":{"rendered":"LOUIS VUITTON Portobello"},"content":{"rendered":"<p>kept in very good condition with original bag and never placed on the ground<\/p>\n<p>***<\/p>\n<p>This item is published by a PRIVATE SELLER: De-Luxe will check the item live before shipping it to the buyer in order to always guarantee the originality and compliance with the conditions described<\/p>\n<p>An item purchased from a private seller does NOT have the possibility of return<\/p>\n<p>For more information contact us or read our terms and conditions <\/p>","protected":false},"excerpt":{"rendered":"<p>tenuta molto bene con sacchetto originale e mai appoggiata per terra *** Questo articolo \u00e8 pubblicato da un VENDITORE PRIVATO: De-Luxe controller\u00e0 dal vivo l\u2019articolo prima di spedirlo all\u2019acquirente in modo da garantire sempre l\u2019originalit\u00e0 e la conformit\u00e0 delle condizioni descritte Un articolo acquistato da un venditore privato NON prevede la possibilit\u00e0 di reso Per [&hellip;]<\/p>","protected":false},"featured_media":66343,"comment_status":"open","ping_status":"closed","template":"","meta":{"site-sidebar-layout":"default","site-content-layout":"","ast-site-content-layout":"default","site-content-style":"default","site-sidebar-style":"default","ast-global-header-display":"","ast-banner-title-visibility":"","ast-main-header-display":"","ast-hfb-above-header-display":"","ast-hfb-below-header-display":"","ast-hfb-mobile-header-display":"","site-post-title":"","ast-breadcrumbs-content":"","ast-featured-img":"","footer-sml-layout":"","ast-disable-related-posts":"","theme-transparent-header-meta":"","adv-header-id-meta":"","stick-header-meta":"","header-above-stick-meta":"","header-main-stick-meta":"","header-below-stick-meta":"","astra-migrate-meta-layouts":"default","ast-page-background-enabled":"default","ast-page-background-meta":{"desktop":{"background-color":"var(--ast-global-color-4)","background-image":"","background-repeat":"repeat","background-position":"center center","background-size":"auto","background-attachment":"scroll","background-type":"","background-media":"","overlay-type":"","overlay-color":"","overlay-opacity":"","overlay-gradient":""},"tablet":{"background-color":"","background-image":"","background-repeat":"repeat","background-position":"center center","background-size":"auto","background-attachment":"scroll","background-type":"","background-media":"","overlay-type":"","overlay-color":"","overlay-opacity":"","overlay-gradient":""},"mobile":{"background-color":"","background-image":"","background-repeat":"repeat","background-position":"center center","background-size":"auto","background-attachment":"scroll","background-type":"","background-media":"","overlay-type":"","overlay-color":"","overlay-opacity":"","overlay-gradient":""}},"ast-content-background-meta":{"desktop":{"background-color":"var(--ast-global-color-5)","background-image":"","background-repeat":"repeat","background-position":"center center","background-size":"auto","background-attachment":"scroll","background-type":"","background-media":"","overlay-type":"","overlay-color":"","overlay-opacity":"","overlay-gradient":""},"tablet":{"background-color":"var(--ast-global-color-5)","background-image":"","background-repeat":"repeat","background-position":"center center","background-size":"auto","background-attachment":"scroll","background-type":"","background-media":"","overlay-type":"","overlay-color":"","overlay-opacity":"","overlay-gradient":""},"mobile":{"background-color":"var(--ast-global-color-5)","background-image":"","background-repeat":"repeat","background-position":"center center","background-size":"auto","background-attachment":"scroll","background-type":"","background-media":"","overlay-type":"","overlay-color":"","overlay-opacity":"","overlay-gradient":""}}},"product_brand":[],"product_cat":[60],"product_tag":[],"class_list":{"0":"post-66326","1":"product","2":"type-product","3":"status-publish","4":"has-post-thumbnail","6":"product_cat-borse","7":"product_shipping_class-venditore-privato-3000","8":"pa_brand-louis-vuitton","9":"pa_categoria-borse-a-spalla","10":"pa_colore-marrone","11":"pa_condizioni-ottimo-stato","12":"pa_venditore-privato","13":"desktop-align-left","14":"tablet-align-left","15":"mobile-align-left","17":"first","18":"instock","19":"sold-individually","20":"shipping-taxable","21":"purchasable","22":"product-type-simple"},"_links":{"self":[{"href":"https:\/\/test.de-luxeshoponline.com\/en\/wp-json\/wp\/v2\/product\/66326","targetHints":{"allow":["GET"]}}],"collection":[{"href":"https:\/\/test.de-luxeshoponline.com\/en\/wp-json\/wp\/v2\/product"}],"about":[{"href":"https:\/\/test.de-luxeshoponline.com\/en\/wp-json\/wp\/v2\/types\/product"}],"replies":[{"embeddable":true,"href":"https:\/\/test.de-luxeshoponline.com\/en\/wp-json\/wp\/v2\/comments?post=66326"}],"wp:featuredmedia":[{"embeddable":true,"href":"https:\/\/test.de-luxeshoponline.com\/en\/wp-json\/wp\/v2\/media\/66343"}],"wp:attachment":[{"href":"https:\/\/test.de-luxeshoponline.com\/en\/wp-json\/wp\/v2\/media?parent=66326"}],"wp:term":[{"taxonomy":"product_brand","embeddable":true,"href":"https:\/\/test.de-luxeshoponline.com\/en\/wp-json\/wp\/v2\/product_brand?post=66326"},{"taxonomy":"product_cat","embeddable":true,"href":"https:\/\/test.de-luxeshoponline.com\/en\/wp-json\/wp\/v2\/product_cat?post=66326"},{"taxonomy":"product_tag","embeddable":true,"href":"https:\/\/test.de-luxeshoponline.com\/en\/wp-json\/wp\/v2\/product_tag?post=66326"}],"curies":[{"name":"wp","href":"https:\/\/api.w.org\/{rel}","templated":true}]}}